{"id":1512,"date":"2018-12-30T19:42:39","date_gmt":"2018-12-30T19:42:39","guid":{"rendered":"http:\/\/rsm.starthier.be\/algemene-verkoopsvoorwaarden\/"},"modified":"2020-12-01T20:06:52","modified_gmt":"2020-12-01T19:06:52","slug":"algemene-verkoopsvoorwaarden","status":"publish","type":"page","link":"https:\/\/rsm.be\/fr\/algemene-verkoopsvoorwaarden\/","title":{"rendered":"Algemene verkoopsvoorwaarden"},"content":{"rendered":"\t\t<div data-elementor-type=\"wp-post\" data-elementor-id=\"1512\" class=\"elementor elementor-1512 elementor-824\" data-elementor-post-type=\"page\">\n\t\t\t\t\t\t<section class=\"elementor-section elementor-top-section elementor-element elementor-element-4de5c56e elementor-section-boxed elementor-section-height-default elementor-section-height-default\" data-id=\"4de5c56e\" data-element_type=\"section\" data-e-type=\"section\">\n\t\t\t\t\t\t<div class=\"elementor-container elementor-column-gap-default\">\n\t\t\t\t\t<div class=\"elementor-column elementor-col-100 elementor-top-column elementor-element elementor-element-4c39a01c\" data-id=\"4c39a01c\" data-element_type=\"column\" data-e-type=\"column\">\n\t\t\t<div class=\"elementor-widget-wrap elementor-element-populated\">\n\t\t\t\t\t\t<div class=\"elementor-element elementor-element-66ad9565 elementor-widget elementor-widget-text-editor\" data-id=\"66ad9565\" data-element_type=\"widget\" data-e-type=\"widget\" data-widget_type=\"text-editor.default\">\n\t\t\t\t<div class=\"elementor-widget-container\">\n\t\t\t\t\t\t\t\t\t<p>Algemene voorwaarden&nbsp;<\/p>\n<p>1. ALGEMEENHEDEN&nbsp;<\/p>\n<p>De onderhavige algemene verkoopsvoorwaarden zijn van toepassing voor iedere verkoop en voor alle prestaties uitgevoerd door RSM nv. Zij worden aanzien als formeel en uitdrukkelijk aanvaard door onze klanten. Dit blijft van kracht zelfs indien deze algemene verkoopsvoorwaarden in tegenspraak zouden zijn met de algemene of bijzondere aankoopvoorwaarden van onze klanten, behalve indien wij laatstgenoemde voorwaarden in uitdrukkelijke en schriftelijke bewoordingen zouden hebben aanvaard.&nbsp;<\/p>\n<p>2. PRIJZEN<\/p>\n<p>Behoudens andersluidende bepalingen bij het aanvaarden van de bestelling dienen al onze prijzen te worden verstaan voor levering vertrek onze magazijnen, met inbegrip van de verpakking. Tevens zijn de verzendingskosten alsook de daarmede verbonden risico\u2019s en alle taksen ten laste van de klant. Onze afgevaardigde vertegenwoordigers zijn niet bevoegd verbintenissen aan te gaan in naam van RSM nv. De bestellingen die hun overgemaakt worden, verbinden RSM nv pas na schriftelijke bevestiging van onze bestellingen.&nbsp;<\/p>\n<p>3. PRIJSWIJZIGINGEN<\/p>\n<p>Behoudens andersluidende bepalingen behoudt RSM nv het recht voor de prijzen te herzien tussen het tijdstip van de order en van levering, dit indien er zich wijzigingen hebben voorgedaan in diverse factoren die de kostprijs be\u00efnvloeden zoals wijzigingen van transportkost, grondstof en dergelijke.&nbsp;<\/p>\n<p>4. VERVOER&nbsp;<\/p>\n<p>Het vervoer van de goederen geschiedt steeds voor rekening en op risico van de koper, zelfs dan wanneer de vervoerskosten ten onzen laste zijn.&nbsp;<\/p>\n<p>5. LEVERINGSTERMIJN&nbsp;<\/p>\n<p>De leveringstermijnen worden slechts als aanwijzing gegeven en zijn afhankelijk van de bevoorradingsmogelijkheden. Behoudens andersluidende bepalingen kan de koper dus, om reden van een eventuele afwijking van de opgegeven leveringstermijn, op geen enkel regresrecht aansprak maken.&nbsp;<\/p>\n<p>6. AANVAARDING&nbsp;<\/p>\n<p>Klachten betreffende de levering moeten bij RSM nv schriftelijk toekomen binnen de 8 dagen na ontvangst van de goederen of van de factuur.&nbsp;<\/p>\n<p>7. TERUGZENDINGEN&nbsp;<\/p>\n<p>Behalve in het geval er bij de bestelling een vergissing wordt begaan door onze diensten,zullen de terugzendingen slechts worden aanvaard met ons akkoord, dit gedurende een termijn van 8 dagen na de levering en voor zoverre de goederen niet speciaal voor de koper werden besteld, zij ons in goede staat worden afgeleverd en zij noch ingebouwd of gebruikt werden. Om geldig in overweging te worden genomen, moeten de terugzendingen steeds verwijzen naar het nummer en de datum van de levernota en\/of factuur.&nbsp;<\/p>\n<p>8. WAARBORG&nbsp;<\/p>\n<p>Onze verantwoordelijkheid beperkt zich tot de kwaliteit van onze leveringen. Indien deze kwaliteit uitdrukkelijk als gebrekkig wordt erkend door onze fabrikant, beperkt de waarborg zich tot de prijs of de vervanging van de als gebrekkig erkende leveringen en dit welke ook de gevolgen van dit gebrek mogen zijn.&nbsp;<\/p>\n<p>9. BETALINGEN&nbsp;<\/p>\n<p>Alle facturen zijn contant betaalbaar bij levering, tenzij uitdrukkelijk anders bedongen. Op elke achterstallige betaling zal van rechtswege en zonder ingebrekestelling een intrest aangerekend worden berekend aan 1% per maand. Bovendien zal elke factuur die 15 dagen na de verzending per aangetekend schrijven van een ingebrekestelling onbetaald is gebleven, vermeerderd worden met een forfaitair en onherroepelijk bedrag gelijk aan 15% van het nog verschuldigd saldo, met een minimum van \u20ac 61,97, dit als strafbeding bestemd, en tussen partijen overeengekomen, om RSM nv schadeloos te stellen voor de algemene onkosten veroorzaakt door invordering van deze schuldvordering. In geval van niet-betaling op vervaldag zullen alle verschuldigde bedragen, zelfs deze die niet vervallen zijn, onmiddellijk invorderbaar zijn, en wij behouden ons het recht voor de verkoop van rechtswege en zonder verwittiging als ontbonden te beschouwen.&nbsp;<\/p>\n<p>10. EIGENDOMSVOORBEHOUD&nbsp;<\/p>\n<p>Zolang de geleverde goederen niet werden betaald, blijven ze eigendom van RSM nv.&nbsp;<\/p>\n<p>11. TEKSTBETWISTING&nbsp;<\/p>\n<p>In geval van betwisting der vertalingen geldt de Nederlandstalige tekst als basis.<\/p>\n<p>&nbsp;12. BETWISTING&nbsp;<\/p>\n<p>In geval van betwisting zijn uitsluitend de rechtbanken van het arrondissement Tongeren bevoegd.&nbsp;<\/p>\n<p>13. PERSOONSGEGEVENS De koper geeft uitdrukkelijk bij het plaatsen van een bestelling aan de verkoper de toelating om zijn persoonlijke gegevens te verwerken. De verkoper gaat de verbintenis aan deze persoonlijke gegevens enkel voor intern gebruik aan te wenden hetgeen te allen tijde door de koper kan gecontroleerd worden en waarbij de koper tevens de verkoper kan verzoeken geen verder gebruik te maken van zijn persoonlijke gegevens waardoor onder andere informatie van de verkoper niet langer zal worden overgemaakt aan de koper. De koper dient zich hiervoor te wenden tot de maatschappelijke zetel of te mailen naar info@rsm.be. U kan steeds onze privacy policy raadplegen op www.rsm.be.&nbsp;<\/p>\n<p>CONDITIONS GENERALES DE VENTES&nbsp;<\/p>\n<p>1.GENERALITES&nbsp;<\/p>\n<p>Les pr\u00e9sentes conditions g\u00e9n\u00e9rales de Vente s\u2019appliquent \u00e0 toutes ventes faites et \u00e0 toutes les prestations fournis par RSM sa. Elles sont consid\u00e9r\u00e9es comme \u00e9tant formellement et explicitement agr\u00e9\u00e9es par nos clients. Il en est de m\u00eame si Elles \u00e9taient en contradiction avec leurs conditions g\u00e9n\u00e9rales ou particuli\u00e8res d\u2019achat, sauf si nous avons accept\u00e9 ces derni\u00e8res en termes expr\u00e8s et \u00e9crits.&nbsp;<\/p>\n<p>2. PRIX&nbsp;<\/p>\n<p>Sauf stipulations contraires, lors de l\u2019acceptation de la commande, tous nos prix s\u2019entendent d\u00e9part de nos magasins, emballages compris. De m\u00eame les frais et risques de transport ou d\u2019exp\u00e9dition ainsi que toutes taxes sont \u00e0 charge du client. Nos d\u00e9l\u00e9gu\u00e9s ne peuvent pas s\u2019engager au nom RSM sa. Les commandes qui leur seront transmises n\u2019engage RSM sa qu\u2019apr\u00e8s confirmation \u00e9crite.&nbsp;<\/p>\n<p>3. MODIFICATION DE PRIX&nbsp;<\/p>\n<p>Sauf stipulations contraires, nous nous r\u00e9servons la facult\u00e9 de r\u00e9viser nos prix entre le moment de la commande et celui de la livraison en cas de modification survenue au sujet de facteurs influen\u00e7ant les prix de revient, tels que changements des frais de transport, mati\u00e8res premi\u00e8res, etc.&nbsp;<\/p>\n<p>4. TRANSPORT&nbsp;<\/p>\n<p>Les marchandises voyagent toujours aux risques et p\u00e9rils de l\u2019acheteur, m\u00eame dans le cas o\u00f9 le transport est \u00e0 notre charge.&nbsp;<\/p>\n<p>5. DELAI DE LIVRAISON&nbsp;<\/p>\n<p>Les d\u00e9lais de livraison sont toujours indicatifs et subordonn\u00e9es aux possibilit\u00e9s d\u2019approvisionnement. Sauf stipulation contraire, le fait de s\u2019en \u00e9carter n\u2019ouvre donc aucun recours \u00e0 l\u2019acheteur.&nbsp;<\/p>\n<p>6. AGREATION&nbsp;<\/p>\n<p>Pour \u00eatre prise en consid\u00e9ration, toute r\u00e9clamation doit \u00eatre introduite par \u00e9crit, dans les 8 jours de la r\u00e9ception de la marchandise ou \u00e0 d\u00e9faut, 8 jours de la date de facture.&nbsp;<\/p>\n<p>7. RETOURS&nbsp;<\/p>\n<p>Sauf en cas d\u2019erreur de livraison de nos services, les retours ne seront accept\u00e9s qu\u2019avec notre accord et ce dans un d\u00e9lai de huit jours de la date de fourniture pour autant que les marchandises n\u2019aient pas \u00e9t\u00e9 fabriqu\u00e9es, ou command\u00e9es, sp\u00e9cialement pour l\u2019acheteur, qu\u2019elles nous parviennent en bon \u00e9tat, qu\u2019elles n\u2019aient \u00e9t\u00e9 ni mont\u00e9es, ni utilis\u00e9es, ni d\u00e9mont\u00e9es. Pour \u00eatre pris valablement en consid\u00e9ration, les retours devront d\u00e9signer le num\u00e9ro et le date du bon de livraison et\/ou le facture.&nbsp;<\/p>\n<p>8. GARANTIES&nbsp;<\/p>\n<p>Notre responsabilit\u00e9 est limit\u00e9e \u00e0 la qualit\u00e9 de nos fournitures. Si elle est explicitement reconnue d\u00e9fectueuse par notre fabriquant, notre garantie se limite et ce quelles que soient le cons\u00e9quences de ce d\u00e9faut \u2013 au prix ou au remplacement des fournitures reconnues d\u00e9fectueuses.&nbsp;<\/p>\n<p>9. PAIEMENTS&nbsp;<\/p>\n<p>Toutes les factures sont payables comptant \u00e0 la livraison, \u00e0 moins que stipul\u00e9 explicitement d\u2019autre fa\u00e7on. Tout retard de paiement produira de plein droit et sans mise en demeure un int\u00e9r\u00eat calcul\u00e9 au taux de 1% par mois. En outre, toute facture demeurant impay\u00e9e 15 jours apr\u00e8s l\u2019envoie, par lettre recommand\u00e9e, d\u2019une mise en demeure, sera major\u00e9e d\u2019un montant forfaitaire et irr\u00e9ductible, \u00e9gal \u00e0 15 % du solde restant d\u00fb, avec un minimum de \u20ac61,97, \u00e0 titre de clause p\u00e9nale, conventionnellement pr\u00e9vue entre parties, en vue d\u2019indemniser le vendeur des frais g\u00e9n\u00e9raux caus\u00e9s par la r\u00e9cup\u00e9ration de cette cr\u00e9ance. En cas de non-paiement \u00e0 l\u2019\u00e9ch\u00e9ance, tous les montants dus m\u00eame non \u00e9chus, seront imm\u00e9diatement exigibles et nous nous r\u00e9servons le droit de consid\u00e9rer la vente comme r\u00e9solue de plein droit et sans mise en demeure.&nbsp;<\/p>\n<p>10. RESERVE DE PROPIETE&nbsp;<\/p>\n<p>Les marchandises livr\u00e9es restent propri\u00e9t\u00e9 du vendeur aussi longtemps qu\u2019ils ne soient pas pay\u00e9es.&nbsp;<\/p>\n<p>11. CONTESTATIONS DE TEXTE&nbsp;<\/p>\n<p>L\u2019interpr\u00e9tation des textes : en cas de contestation par interpr\u00e9tation seul le texte n\u00e9erlandais prime.&nbsp;<\/p>\n<p>12. CONTESTATIONS&nbsp;<\/p>\n<p>En cas de contestation, quelle qu\u2019en soit la nature, seuls les tribunaux de l\u2019arrondissement de Tongres seront comp\u00e9tents.&nbsp;<\/p>\n<p>13. RENSEIGNEMENTS PERSONNELS&nbsp;<\/p>\n<p>L\u2019acheteur donne express\u00e9ment l\u2019admission au vendeur de traiter ses renseignements personnels en passant une commande au vendeur. Le vendeur accepte ces renseignements personnels uniquement pour usage interne qui peut \u00eatre contr\u00f4l\u00e9 \u00e0 tout moment par l\u2019acheteur. L\u2019acheteur peut aussi demander \u00e0 supprimer ses renseignements personnels. L\u2019acheteur doit se pour tourner vers le si\u00e8ge social ou par courriel info@rsm.be . Vous pouvez toujours consulter notre politique de confidentialit\u00e9 sur www.rsm.be.<\/p>\t\t\t\t\t\t\t\t<\/div>\n\t\t\t\t<\/div>\n\t\t\t\t\t<\/div>\n\t\t<\/div>\n\t\t\t\t\t<\/div>\n\t\t<\/section>\n\t\t\t\t<\/div>\n\t\t","protected":false},"excerpt":{"rendered":"<p>Algemene voorwaarden&nbsp; 1. ALGEMEENHEDEN&nbsp; De onderhavige algemene verkoopsvoorwaarden zijn van toepassing voor iedere verkoop en voor alle prestaties uitgevoerd door RSM nv. Zij worden aanzien als formeel en uitdrukkelijk aanvaard door onze klanten. Dit blijft van kracht zelfs indien deze algemene verkoopsvoorwaarden in tegenspraak zouden zijn met de algemene of bijzondere aankoopvoorwaarden van onze klanten, [&hellip;]<\/p>\n","protected":false},"author":1,"featured_media":0,"parent":0,"menu_order":0,"comment_status":"closed","ping_status":"closed","template":"","meta":{"site-sidebar-layout":"no-sidebar","site-content-layout":"page-builder","ast-site-content-layout":"default","site-content-style":"default","site-sidebar-style":"default","ast-global-header-display":"","ast-banner-title-visibility":"","ast-main-header-display":"","ast-hfb-above-header-display":"","ast-hfb-below-header-display":"","ast-hfb-mobile-header-display":"","site-post-title":"disabled","ast-breadcrumbs-content":"","ast-featured-img":"disabled","footer-sml-layout":"","ast-disable-related-posts":"","theme-transparent-header-meta":"","adv-header-id-meta":"","stick-header-meta":"","header-above-stick-meta":"","header-main-stick-meta":"","header-below-stick-meta":"","astra-migrate-meta-layouts":"default","ast-page-background-enabled":"default","ast-page-background-meta":{"desktop":{"background-color":"","background-image":"","background-repeat":"repeat","background-position":"center center","background-size":"auto","background-attachment":"scroll","background-type":"","background-media":"","overlay-type":"","overlay-color":"","overlay-opacity":"","overlay-gradient":""},"tablet":{"background-color":"","background-image":"","background-repeat":"repeat","background-position":"center center","background-size":"auto","background-attachment":"scroll","background-type":"","background-media":"","overlay-type":"","overlay-color":"","overlay-opacity":"","overlay-gradient":""},"mobile":{"background-color":"","background-image":"","background-repeat":"repeat","background-position":"center center","background-size":"auto","background-attachment":"scroll","background-type":"","background-media":"","overlay-type":"","overlay-color":"","overlay-opacity":"","overlay-gradient":""}},"ast-content-background-meta":{"desktop":{"background-color":"var(--ast-global-color-5)","background-image":"","background-repeat":"repeat","background-position":"center center","background-size":"auto","background-attachment":"scroll","background-type":"","background-media":"","overlay-type":"","overlay-color":"","overlay-opacity":"","overlay-gradient":""},"tablet":{"background-color":"var(--ast-global-color-5)","background-image":"","background-repeat":"repeat","background-position":"center center","background-size":"auto","background-attachment":"scroll","background-type":"","background-media":"","overlay-type":"","overlay-color":"","overlay-opacity":"","overlay-gradient":""},"mobile":{"background-color":"var(--ast-global-color-5)","background-image":"","background-repeat":"repeat","background-position":"center center","background-size":"auto","background-attachment":"scroll","background-type":"","background-media":"","overlay-type":"","overlay-color":"","overlay-opacity":"","overlay-gradient":""}},"footnotes":""},"class_list":["post-1512","page","type-page","status-publish","hentry"],"_links":{"self":[{"href":"https:\/\/rsm.be\/fr\/wp-json\/wp\/v2\/pages\/1512","targetHints":{"allow":["GET"]}}],"collection":[{"href":"https:\/\/rsm.be\/fr\/wp-json\/wp\/v2\/pages"}],"about":[{"href":"https:\/\/rsm.be\/fr\/wp-json\/wp\/v2\/types\/page"}],"author":[{"embeddable":true,"href":"https:\/\/rsm.be\/fr\/wp-json\/wp\/v2\/users\/1"}],"replies":[{"embeddable":true,"href":"https:\/\/rsm.be\/fr\/wp-json\/wp\/v2\/comments?post=1512"}],"version-history":[{"count":0,"href":"https:\/\/rsm.be\/fr\/wp-json\/wp\/v2\/pages\/1512\/revisions"}],"wp:attachment":[{"href":"https:\/\/rsm.be\/fr\/wp-json\/wp\/v2\/media?parent=1512"}],"curies":[{"name":"wp","href":"https:\/\/api.w.org\/{rel}","templated":true}]}}