{"id":1519,"date":"2019-04-13T18:05:12","date_gmt":"2019-04-13T18:05:12","guid":{"rendered":"http:\/\/rsm.starthier.be\/bedrijfsfilosofie\/"},"modified":"2023-04-28T09:46:56","modified_gmt":"2023-04-28T07:46:56","slug":"notre-philosophie-dentreprise","status":"publish","type":"page","link":"https:\/\/rsm.be\/fr\/notre-philosophie-dentreprise\/","title":{"rendered":"Notre philosophie d\u2019entreprise"},"content":{"rendered":"\t\t<div data-elementor-type=\"wp-post\" data-elementor-id=\"1519\" class=\"elementor elementor-1519 elementor-1294\" data-elementor-post-type=\"page\">\n\t\t\t\t\t\t<section class=\"elementor-section elementor-top-section elementor-element elementor-element-23c281d elementor-section-height-min-height elementor-section-boxed elementor-section-height-default elementor-section-items-middle\" data-id=\"23c281d\" data-element_type=\"section\" data-e-type=\"section\" data-settings=\"{&quot;background_background&quot;:&quot;classic&quot;,&quot;shape_divider_bottom&quot;:&quot;arrow&quot;,&quot;shape_divider_bottom_negative&quot;:&quot;yes&quot;}\">\n\t\t\t\t\t\t\t<div class=\"elementor-background-overlay\"><\/div>\n\t\t\t\t\t\t<div class=\"elementor-shape elementor-shape-bottom\" aria-hidden=\"true\" data-negative=\"true\">\n\t\t\t<svg xmlns=\"http:\/\/www.w3.org\/2000\/svg\" viewBox=\"0 0 700 10\" preserveAspectRatio=\"none\">\n\t<path class=\"elementor-shape-fill\" d=\"M360 0L350 9.9 340 0 0 0 0 10 700 10 700 0\"\/>\n<\/svg>\t\t<\/div>\n\t\t\t\t\t<div class=\"elementor-container elementor-column-gap-default\">\n\t\t\t\t\t<div class=\"elementor-column elementor-col-100 elementor-top-column elementor-element elementor-element-c121d71\" data-id=\"c121d71\" data-element_type=\"column\" data-e-type=\"column\" data-settings=\"{&quot;background_background&quot;:&quot;classic&quot;}\">\n\t\t\t<div class=\"elementor-widget-wrap elementor-element-populated\">\n\t\t\t\t\t\t<div class=\"elementor-element elementor-element-eaba781 elementor-widget elementor-widget-text-editor\" data-id=\"eaba781\" data-element_type=\"widget\" data-e-type=\"widget\" data-widget_type=\"text-editor.default\">\n\t\t\t\t<div class=\"elementor-widget-container\">\n\t\t\t\t\t\t\t\t\t<h4 style=\"text-align: center;\"><strong><span style=\"color: #ffd400;\">NOTRE PHILOSOPHIE D\u2019ENTREPRISE\u00a0<\/span><\/strong><\/h4><h4 style=\"text-align: center;\"><strong><span style=\"color: #ffd400;\"><br \/><\/span><span style=\"font-size: 2.35714rem; text-transform: uppercase; color: #ffffff;\">RSM EST SYNONYME DE:<\/span><\/strong><\/h4>\t\t\t\t\t\t\t\t<\/div>\n\t\t\t\t<\/div>\n\t\t\t\t<section class=\"elementor-section elementor-inner-section elementor-element elementor-element-c6b78bd elementor-section-boxed elementor-section-height-default elementor-section-height-default\" data-id=\"c6b78bd\" data-element_type=\"section\" data-e-type=\"section\">\n\t\t\t\t\t\t<div class=\"elementor-container elementor-column-gap-default\">\n\t\t\t\t\t<div class=\"elementor-column elementor-col-100 elementor-inner-column elementor-element elementor-element-03e9ee8\" data-id=\"03e9ee8\" data-element_type=\"column\" data-e-type=\"column\">\n\t\t\t<div class=\"elementor-widget-wrap elementor-element-populated\">\n\t\t\t\t\t\t<div class=\"elementor-element elementor-element-5e4569b elementor-icon-list--layout-inline elementor-align-center elementor-list-item-link-full_width elementor-widget elementor-widget-icon-list\" data-id=\"5e4569b\" data-element_type=\"widget\" data-e-type=\"widget\" data-widget_type=\"icon-list.default\">\n\t\t\t\t<div class=\"elementor-widget-container\">\n\t\t\t\t\t\t\t<ul class=\"elementor-icon-list-items elementor-inline-items\">\n\t\t\t\t\t\t\t<li class=\"elementor-icon-list-item elementor-inline-item\">\n\t\t\t\t\t\t\t\t\t\t\t<span class=\"elementor-icon-list-icon\">\n\t\t\t\t\t\t\t<i aria-hidden=\"true\" class=\"fas fa-check\"><\/i>\t\t\t\t\t\t<\/span>\n\t\t\t\t\t\t\t\t\t\t<span class=\"elementor-icon-list-text\">Respect<\/span>\n\t\t\t\t\t\t\t\t\t<\/li>\n\t\t\t\t\t\t\t\t<li class=\"elementor-icon-list-item elementor-inline-item\">\n\t\t\t\t\t\t\t\t\t\t\t<span class=\"elementor-icon-list-icon\">\n\t\t\t\t\t\t\t<i aria-hidden=\"true\" class=\"fas fa-check\"><\/i>\t\t\t\t\t\t<\/span>\n\t\t\t\t\t\t\t\t\t\t<span class=\"elementor-icon-list-text\">Service<\/span>\n\t\t\t\t\t\t\t\t\t<\/li>\n\t\t\t\t\t\t\t\t<li class=\"elementor-icon-list-item elementor-inline-item\">\n\t\t\t\t\t\t\t\t\t\t\t<span class=\"elementor-icon-list-icon\">\n\t\t\t\t\t\t\t<i aria-hidden=\"true\" class=\"fas fa-check\"><\/i>\t\t\t\t\t\t<\/span>\n\t\t\t\t\t\t\t\t\t\t<span class=\"elementor-icon-list-text\">Mobilit\u00e9<\/span>\n\t\t\t\t\t\t\t\t\t<\/li>\n\t\t\t\t\t\t<\/ul>\n\t\t\t\t\t\t<\/div>\n\t\t\t\t<\/div>\n\t\t\t\t\t<\/div>\n\t\t<\/div>\n\t\t\t\t\t<\/div>\n\t\t<\/section>\n\t\t\t\t\t<\/div>\n\t\t<\/div>\n\t\t\t\t\t<\/div>\n\t\t<\/section>\n\t\t\t\t<section class=\"elementor-section elementor-top-section elementor-element elementor-element-f9b33df elementor-section-boxed elementor-section-height-default elementor-section-height-default\" data-id=\"f9b33df\" data-element_type=\"section\" data-e-type=\"section\">\n\t\t\t\t\t\t<div class=\"elementor-container elementor-column-gap-default\">\n\t\t\t\t\t<div class=\"elementor-column elementor-col-100 elementor-top-column elementor-element elementor-element-9560750\" data-id=\"9560750\" data-element_type=\"column\" data-e-type=\"column\">\n\t\t\t<div class=\"elementor-widget-wrap elementor-element-populated\">\n\t\t\t\t\t\t<div class=\"elementor-element elementor-element-b5db34c elementor-widget elementor-widget-text-editor\" data-id=\"b5db34c\" data-element_type=\"widget\" data-e-type=\"widget\" data-widget_type=\"text-editor.default\">\n\t\t\t\t<div class=\"elementor-widget-container\">\n\t\t\t\t\t\t\t\t\t<p><b>RSM facilite le travail du professionnel automobile en livrant des pi\u00e8ces novatrices et de qualit\u00e9 sup\u00e9rieure ainsi qu\u2019en offrant un service de premier choix, le tout dans le d\u00e9lai imparti.<\/b> <span class=\"Apple-converted-space\">  <br \/>&nbsp;&nbsp;<\/span>En partageant ses connaissances, RSM souhaite inciter chaque automobiliste \u00e0 assurer sa <b>mobilit\u00e9 de fa\u00e7on \u00e9conomique, durable et \u00e9cologiquement responsable.<\/b><\/p>\n\t\t\t\t\t\t\t\t<\/div>\n\t\t\t\t<\/div>\n\t\t\t\t\t<\/div>\n\t\t<\/div>\n\t\t\t\t\t<\/div>\n\t\t<\/section>\n\t\t\t\t<section class=\"elementor-section elementor-top-section elementor-element elementor-element-78a9b4e elementor-section-boxed elementor-section-height-default elementor-section-height-default\" data-id=\"78a9b4e\" data-element_type=\"section\" data-e-type=\"section\">\n\t\t\t\t\t\t<div class=\"elementor-container elementor-column-gap-default\">\n\t\t\t\t\t<div class=\"elementor-column elementor-col-33 elementor-top-column elementor-element elementor-element-35a97e4\" data-id=\"35a97e4\" data-element_type=\"column\" data-e-type=\"column\" data-settings=\"{&quot;background_background&quot;:&quot;classic&quot;}\">\n\t\t\t<div class=\"elementor-widget-wrap elementor-element-populated\">\n\t\t\t\t\t\t<div class=\"elementor-element elementor-element-fa2f55c elementor-widget elementor-widget-text-editor\" data-id=\"fa2f55c\" data-element_type=\"widget\" data-e-type=\"widget\" data-widget_type=\"text-editor.default\">\n\t\t\t\t<div class=\"elementor-widget-container\">\n\t\t\t\t\t\t\t\t\t<h3><span style=\"color: #ffffff;\"><b>Respect<\/b><\/span><\/h3>\n\t\t\t\t\t\t\t\t<\/div>\n\t\t\t\t<\/div>\n\t\t\t\t<div class=\"elementor-element elementor-element-cd74443 elementor-widget elementor-widget-text-editor\" data-id=\"cd74443\" data-element_type=\"widget\" data-e-type=\"widget\" id=\"hoogte\" data-widget_type=\"text-editor.default\">\n\t\t\t\t<div class=\"elementor-widget-container\">\n\t\t\t\t\t\t\t\t\t<p class=\"p1\"><b><span style=\"font-size: 14px; font-style: normal;\">Respect de notre client, respect de nos fournisseurs et de nos partenaires.<\/span><span class=\"Apple-converted-space\" style=\"font-size: 14px; font-style: normal;\">  <\/span><span style=\"font-size: 14px; font-style: normal;\">Respect de l\u2019environnement. <\/span><\/b><\/p>\n<p class=\"p1\"><span style=\"font-size: 14px; font-style: normal; font-weight: 400;\">Inspir\u00e9s par notre amour du m\u00e9tier, nous recherchons toujours la solution GAGNANT-GAGNANT ad\u00e9quate.<\/span><span class=\"Apple-converted-space\" style=\"font-size: 14px; font-style: normal; font-weight: 400;\">  <\/span><span style=\"font-size: 14px; font-style: normal; font-weight: 400;\">Nous pr\u00f4nons une CULTURE DE L\u2019ACTION : ce qui nous caract\u00e9rise, ce ne sont pas les mots mais les actes.<\/span><span class=\"Apple-converted-space\" style=\"font-size: 14px; font-style: normal; font-weight: 400;\">   <\/span><\/p>\n\t\t\t\t\t\t\t\t<\/div>\n\t\t\t\t<\/div>\n\t\t\t\t\t<\/div>\n\t\t<\/div>\n\t\t\t\t<div class=\"elementor-column elementor-col-33 elementor-top-column elementor-element elementor-element-7b70ca7\" data-id=\"7b70ca7\" data-element_type=\"column\" data-e-type=\"column\" data-settings=\"{&quot;background_background&quot;:&quot;classic&quot;}\">\n\t\t\t<div class=\"elementor-widget-wrap elementor-element-populated\">\n\t\t\t\t\t\t<div class=\"elementor-element elementor-element-8adc4fc elementor-widget elementor-widget-text-editor\" data-id=\"8adc4fc\" data-element_type=\"widget\" data-e-type=\"widget\" data-widget_type=\"text-editor.default\">\n\t\t\t\t<div class=\"elementor-widget-container\">\n\t\t\t\t\t\t\t\t\t<h3><span style=\"color: #ffffff;\"><b>Service<\/b><\/span><\/h3>\n\t\t\t\t\t\t\t\t<\/div>\n\t\t\t\t<\/div>\n\t\t\t\t<div class=\"elementor-element elementor-element-5511796 elementor-widget elementor-widget-text-editor\" data-id=\"5511796\" data-element_type=\"widget\" data-e-type=\"widget\" id=\"hoogte\" data-widget_type=\"text-editor.default\">\n\t\t\t\t<div class=\"elementor-widget-container\">\n\t\t\t\t\t\t\t\t\t<p class=\"p1\"><b><span style=\"font-size: 14px;\">En tant qu\u2019\u00e9quipe RSM, nous tentons jour apr\u00e8s jour de livrer \u00e0 nos clients la pi\u00e8ce de qualit\u00e9 ad\u00e9quate, en temps voulu.<\/span><span class=\"Apple-converted-space\" style=\"font-size: 14px;\">  <\/span><\/b><\/p>\n<p class=\"p1\"><span style=\"font-size: 14px;\">Nous sommes fiables et communiquons de mani\u00e8re franche et ouverte, m\u00eame lorsqu\u2019il s\u2019agit de mauvaises nouvelles.<\/span><span class=\"Apple-converted-space\" style=\"font-size: 14px;\">  <\/span><span style=\"font-size: 14px;\">Nous r\u00e9glons les probl\u00e8mes et nous respectons nos engagements.<\/span><span class=\"Apple-converted-space\" style=\"font-size: 14px;\">  <\/span><span style=\"font-size: 14px;\">Nous sommes \u00e0 la fois loyaux et d\u00e9termin\u00e9s.<\/span><\/p>\n\t\t\t\t\t\t\t\t<\/div>\n\t\t\t\t<\/div>\n\t\t\t\t\t<\/div>\n\t\t<\/div>\n\t\t\t\t<div class=\"elementor-column elementor-col-33 elementor-top-column elementor-element elementor-element-e15a60a\" data-id=\"e15a60a\" data-element_type=\"column\" data-e-type=\"column\" data-settings=\"{&quot;background_background&quot;:&quot;classic&quot;}\">\n\t\t\t<div class=\"elementor-widget-wrap elementor-element-populated\">\n\t\t\t\t\t\t<div class=\"elementor-element elementor-element-ea4a3ec elementor-widget elementor-widget-text-editor\" data-id=\"ea4a3ec\" data-element_type=\"widget\" data-e-type=\"widget\" data-widget_type=\"text-editor.default\">\n\t\t\t\t<div class=\"elementor-widget-container\">\n\t\t\t\t\t\t\t\t\t<h3><span style=\"color: #ffffff;\"><b>Mobilit\u00e9<\/b><\/span><\/h3>\n\t\t\t\t\t\t\t\t<\/div>\n\t\t\t\t<\/div>\n\t\t\t\t<div class=\"elementor-element elementor-element-1cdf658 elementor-widget elementor-widget-text-editor\" data-id=\"1cdf658\" data-element_type=\"widget\" data-e-type=\"widget\" id=\"hoogte\" data-widget_type=\"text-editor.default\">\n\t\t\t\t<div class=\"elementor-widget-container\">\n\t\t\t\t\t\t\t\t\t<p class=\"p1\" style=\"font-size: 14px; font-style: normal;\"><b>Tout le monde aimerait \u00eatre mobile \u00e0 100 % et ce, de la mani\u00e8re la plus efficace \u00e0 ses propres yeux.<\/b><\/p>\n<p>RSM partage sa connaissance du m\u00e9tier et ses comp\u00e9tences tout en recherchant \u2013 en concertation avec le client \u2013 des alternatives \u00e9conomiques et de qualit\u00e9, des solutions de montage simples et novatrices, apr\u00e8s avoir pos\u00e9 un diagnostic correct menant \u00e0 une solution durable.<\/p>\n\t\t\t\t\t\t\t\t<\/div>\n\t\t\t\t<\/div>\n\t\t\t\t\t<\/div>\n\t\t<\/div>\n\t\t\t\t\t<\/div>\n\t\t<\/section>\n\t\t\t\t<\/div>\n\t\t","protected":false},"excerpt":{"rendered":"<p>NOTRE PHILOSOPHIE D\u2019ENTREPRISE\u00a0 RSM EST SYNONYME DE: Respect Service Mobilit\u00e9 RSM facilite le travail du professionnel automobile en livrant des pi\u00e8ces novatrices et de qualit\u00e9 sup\u00e9rieure ainsi qu\u2019en offrant un service de premier choix, le tout dans le d\u00e9lai imparti. &nbsp;&nbsp;En partageant ses connaissances, RSM souhaite inciter chaque automobiliste \u00e0 assurer sa mobilit\u00e9 de fa\u00e7on [&hellip;]<\/p>\n","protected":false},"author":1,"featured_media":0,"parent":0,"menu_order":0,"comment_status":"closed","ping_status":"closed","template":"","meta":{"site-sidebar-layout":"no-sidebar","site-content-layout":"page-builder","ast-site-content-layout":"default","site-content-style":"default","site-sidebar-style":"default","ast-global-header-display":"","ast-banner-title-visibility":"","ast-main-header-display":"","ast-hfb-above-header-display":"","ast-hfb-below-header-display":"","ast-hfb-mobile-header-display":"","site-post-title":"disabled","ast-breadcrumbs-content":"","ast-featured-img":"disabled","footer-sml-layout":"","ast-disable-related-posts":"","theme-transparent-header-meta":"default","adv-header-id-meta":"","stick-header-meta":"","header-above-stick-meta":"","header-main-stick-meta":"","header-below-stick-meta":"","astra-migrate-meta-layouts":"default","ast-page-background-enabled":"default","ast-page-background-meta":{"desktop":{"background-color":"","background-image":"","background-repeat":"repeat","background-position":"center center","background-size":"auto","background-attachment":"scroll","background-type":"","background-media":"","overlay-type":"","overlay-color":"","overlay-opacity":"","overlay-gradient":""},"tablet":{"background-color":"","background-image":"","background-repeat":"repeat","background-position":"center center","background-size":"auto","background-attachment":"scroll","background-type":"","background-media":"","overlay-type":"","overlay-color":"","overlay-opacity":"","overlay-gradient":""},"mobile":{"background-color":"","background-image":"","background-repeat":"repeat","background-position":"center center","background-size":"auto","background-attachment":"scroll","background-type":"","background-media":"","overlay-type":"","overlay-color":"","overlay-opacity":"","overlay-gradient":""}},"ast-content-background-meta":{"desktop":{"background-color":"var(--ast-global-color-5)","background-image":"","background-repeat":"repeat","background-position":"center center","background-size":"auto","background-attachment":"scroll","background-type":"","background-media":"","overlay-type":"","overlay-color":"","overlay-opacity":"","overlay-gradient":""},"tablet":{"background-color":"var(--ast-global-color-5)","background-image":"","background-repeat":"repeat","background-position":"center center","background-size":"auto","background-attachment":"scroll","background-type":"","background-media":"","overlay-type":"","overlay-color":"","overlay-opacity":"","overlay-gradient":""},"mobile":{"background-color":"var(--ast-global-color-5)","background-image":"","background-repeat":"repeat","background-position":"center center","background-size":"auto","background-attachment":"scroll","background-type":"","background-media":"","overlay-type":"","overlay-color":"","overlay-opacity":"","overlay-gradient":""}},"footnotes":""},"class_list":["post-1519","page","type-page","status-publish","hentry"],"_links":{"self":[{"href":"https:\/\/rsm.be\/fr\/wp-json\/wp\/v2\/pages\/1519","targetHints":{"allow":["GET"]}}],"collection":[{"href":"https:\/\/rsm.be\/fr\/wp-json\/wp\/v2\/pages"}],"about":[{"href":"https:\/\/rsm.be\/fr\/wp-json\/wp\/v2\/types\/page"}],"author":[{"embeddable":true,"href":"https:\/\/rsm.be\/fr\/wp-json\/wp\/v2\/users\/1"}],"replies":[{"embeddable":true,"href":"https:\/\/rsm.be\/fr\/wp-json\/wp\/v2\/comments?post=1519"}],"version-history":[{"count":24,"href":"https:\/\/rsm.be\/fr\/wp-json\/wp\/v2\/pages\/1519\/revisions"}],"predecessor-version":[{"id":2707,"href":"https:\/\/rsm.be\/fr\/wp-json\/wp\/v2\/pages\/1519\/revisions\/2707"}],"wp:attachment":[{"href":"https:\/\/rsm.be\/fr\/wp-json\/wp\/v2\/media?parent=1519"}],"curies":[{"name":"wp","href":"https:\/\/api.w.org\/{rel}","templated":true}]}}