{"id":1641,"date":"2018-12-30T20:14:02","date_gmt":"2018-12-30T20:14:02","guid":{"rendered":"http:\/\/rsm.starthier.be\/retour-garantie\/"},"modified":"2019-08-04T13:33:21","modified_gmt":"2019-08-04T13:33:21","slug":"retour-garantie","status":"publish","type":"page","link":"https:\/\/rsm.be\/fr\/retour-garantie\/","title":{"rendered":"Retour \/ garantie"},"content":{"rendered":"\t\t<div data-elementor-type=\"wp-post\" data-elementor-id=\"1641\" class=\"elementor elementor-1641 elementor-837\" data-elementor-post-type=\"page\">\n\t\t\t\t\t\t<section class=\"elementor-section elementor-top-section elementor-element elementor-element-4b3c727 elementor-section-boxed elementor-section-height-default elementor-section-height-default\" data-id=\"4b3c727\" data-element_type=\"section\" data-e-type=\"section\" data-settings=\"{&quot;background_background&quot;:&quot;classic&quot;}\">\n\t\t\t\t\t\t<div class=\"elementor-container elementor-column-gap-default\">\n\t\t\t\t\t<div class=\"elementor-column elementor-col-50 elementor-top-column elementor-element elementor-element-f99ab18\" data-id=\"f99ab18\" data-element_type=\"column\" data-e-type=\"column\" data-settings=\"{&quot;background_background&quot;:&quot;classic&quot;}\">\n\t\t\t<div class=\"elementor-widget-wrap elementor-element-populated\">\n\t\t\t\t\t\t<div class=\"elementor-element elementor-element-c5f6bee elementor-widget elementor-widget-text-editor\" data-id=\"c5f6bee\" data-element_type=\"widget\" data-e-type=\"widget\" data-widget_type=\"text-editor.default\">\n\t\t\t\t<div class=\"elementor-widget-container\">\n\t\t\t\t\t\t\t\t\t<h1><span style=\"color: #000000;\">Retour<\/span><\/h1><p class=\"p1\">Vous pouvez nous renvoyer les marchandises si celles-ci sont dans leur \u00e9tat d\u2019origine et dans leur emballage initial.<\/p><ul><li><p class=\"p1\">Les articles doivent \u00eatre retourn\u00e9s via le formulaire pr\u00e9vu \u00e0 cet effet end\u00e9ans le mois suivant leur achat.<\/p><\/li><li><p class=\"p1\">Les marchandises retourn\u00e9es doivent \u00eatre non endommag\u00e9es, NON MONT\u00c9ES et compl\u00e8tes.<\/p><\/li><li><p class=\"p1\">Les articles sp\u00e9cialement command\u00e9s \u00e0 votre intention ne seront PAS accept\u00e9s en retour.<\/p><\/li><li><p class=\"p1\">Le retour sera cr\u00e9dit\u00e9 apr\u00e8s contr\u00f4le des marchandises par notre magasin.<\/p><\/li><\/ul>\t\t\t\t\t\t\t\t<\/div>\n\t\t\t\t<\/div>\n\t\t\t\t\t<\/div>\n\t\t<\/div>\n\t\t\t\t<div class=\"elementor-column elementor-col-50 elementor-top-column elementor-element elementor-element-8f8fa76\" data-id=\"8f8fa76\" data-element_type=\"column\" data-e-type=\"column\" data-settings=\"{&quot;background_background&quot;:&quot;classic&quot;}\">\n\t\t\t<div class=\"elementor-widget-wrap elementor-element-populated\">\n\t\t\t\t\t\t<div class=\"elementor-element elementor-element-8d86ff8 elementor-widget elementor-widget-text-editor\" data-id=\"8d86ff8\" data-element_type=\"widget\" data-e-type=\"widget\" data-widget_type=\"text-editor.default\">\n\t\t\t\t<div class=\"elementor-widget-container\">\n\t\t\t\t\t\t\t\t\t<h1><span style=\"color: #000000;\">Garantie<\/span><\/h1><p class=\"p1\">Nous sommes, tout comme nos partenaires, convaincus de la bonne qualit\u00e9 de nos produits. Toutefois, si vous rencontrez un probl\u00e8me avec l\u2019un de nos articles, veuillez suivre les instructions ci-dessous.<\/p><ul><li><p class=\"p1\">Si vous souhaitez b\u00e9n\u00e9ficier d\u2019une restitution compl\u00e8te, vous devez remplir int\u00e9gralement cette demande d\u2019intervention de la garantie.<\/p><\/li><li><p class=\"p1\">Vous devez obligatoirement y joindre un rapport de dysfonctionnement pour les composants \u00e9lectroniques. (vannes EGR \/ vannes de gaz \/ compteurs de masse d\u2019air, \u2026)<\/p><\/li><li><p class=\"p1\">La garantie sera cr\u00e9dit\u00e9e apr\u00e8s contr\u00f4le et approbation du fabricant.<\/p><\/li><li><p class=\"p1\">Le non-respect des instructions du fabricant peut constituer un motif de refus d\u2019intervention.<\/p><\/li><\/ul>\t\t\t\t\t\t\t\t<\/div>\n\t\t\t\t<\/div>\n\t\t\t\t\t<\/div>\n\t\t<\/div>\n\t\t\t\t\t<\/div>\n\t\t<\/section>\n\t\t\t\t<\/div>\n\t\t","protected":false},"excerpt":{"rendered":"<p>Retour Vous pouvez nous renvoyer les marchandises si celles-ci sont dans leur \u00e9tat d\u2019origine et dans leur emballage initial. Les articles doivent \u00eatre retourn\u00e9s via le formulaire pr\u00e9vu \u00e0 cet effet end\u00e9ans le mois suivant leur achat. Les marchandises retourn\u00e9es doivent \u00eatre non endommag\u00e9es, NON MONT\u00c9ES et compl\u00e8tes. Les articles sp\u00e9cialement command\u00e9s \u00e0 votre intention [&hellip;]<\/p>\n","protected":false},"author":1,"featured_media":0,"parent":0,"menu_order":0,"comment_status":"closed","ping_status":"closed","template":"","meta":{"site-sidebar-layout":"no-sidebar","site-content-layout":"page-builder","ast-site-content-layout":"default","site-content-style":"default","site-sidebar-style":"default","ast-global-header-display":"","ast-banner-title-visibility":"","ast-main-header-display":"","ast-hfb-above-header-display":"","ast-hfb-below-header-display":"","ast-hfb-mobile-header-display":"","site-post-title":"disabled","ast-breadcrumbs-content":"","ast-featured-img":"disabled","footer-sml-layout":"","ast-disable-related-posts":"","theme-transparent-header-meta":"default","adv-header-id-meta":"","stick-header-meta":"","header-above-stick-meta":"","header-main-stick-meta":"","header-below-stick-meta":"","astra-migrate-meta-layouts":"default","ast-page-background-enabled":"default","ast-page-background-meta":{"desktop":{"background-color":"","background-image":"","background-repeat":"repeat","background-position":"center center","background-size":"auto","background-attachment":"scroll","background-type":"","background-media":"","overlay-type":"","overlay-color":"","overlay-opacity":"","overlay-gradient":""},"tablet":{"background-color":"","background-image":"","background-repeat":"repeat","background-position":"center center","background-size":"auto","background-attachment":"scroll","background-type":"","background-media":"","overlay-type":"","overlay-color":"","overlay-opacity":"","overlay-gradient":""},"mobile":{"background-color":"","background-image":"","background-repeat":"repeat","background-position":"center center","background-size":"auto","background-attachment":"scroll","background-type":"","background-media":"","overlay-type":"","overlay-color":"","overlay-opacity":"","overlay-gradient":""}},"ast-content-background-meta":{"desktop":{"background-color":"var(--ast-global-color-5)","background-image":"","background-repeat":"repeat","background-position":"center center","background-size":"auto","background-attachment":"scroll","background-type":"","background-media":"","overlay-type":"","overlay-color":"","overlay-opacity":"","overlay-gradient":""},"tablet":{"background-color":"var(--ast-global-color-5)","background-image":"","background-repeat":"repeat","background-position":"center center","background-size":"auto","background-attachment":"scroll","background-type":"","background-media":"","overlay-type":"","overlay-color":"","overlay-opacity":"","overlay-gradient":""},"mobile":{"background-color":"var(--ast-global-color-5)","background-image":"","background-repeat":"repeat","background-position":"center center","background-size":"auto","background-attachment":"scroll","background-type":"","background-media":"","overlay-type":"","overlay-color":"","overlay-opacity":"","overlay-gradient":""}},"footnotes":""},"class_list":["post-1641","page","type-page","status-publish","hentry"],"_links":{"self":[{"href":"https:\/\/rsm.be\/fr\/wp-json\/wp\/v2\/pages\/1641","targetHints":{"allow":["GET"]}}],"collection":[{"href":"https:\/\/rsm.be\/fr\/wp-json\/wp\/v2\/pages"}],"about":[{"href":"https:\/\/rsm.be\/fr\/wp-json\/wp\/v2\/types\/page"}],"author":[{"embeddable":true,"href":"https:\/\/rsm.be\/fr\/wp-json\/wp\/v2\/users\/1"}],"replies":[{"embeddable":true,"href":"https:\/\/rsm.be\/fr\/wp-json\/wp\/v2\/comments?post=1641"}],"version-history":[{"count":0,"href":"https:\/\/rsm.be\/fr\/wp-json\/wp\/v2\/pages\/1641\/revisions"}],"wp:attachment":[{"href":"https:\/\/rsm.be\/fr\/wp-json\/wp\/v2\/media?parent=1641"}],"curies":[{"name":"wp","href":"https:\/\/api.w.org\/{rel}","templated":true}]}}